{"id":209,"date":"2025-07-25T15:22:53","date_gmt":"2025-07-25T13:22:53","guid":{"rendered":"https:\/\/pwv-otterbach.de\/pwv-otterbach\/?page_id=209"},"modified":"2025-12-20T13:45:55","modified_gmt":"2025-12-20T12:45:55","slug":"mitglied-werden","status":"publish","type":"page","link":"https:\/\/pwv-otterbach.de\/pwv-otterbach\/mitglied-werden\/","title":{"rendered":"Mitglied werden"},"content":{"rendered":"<h2 align=\"center\"><a href=\"https:\/\/pwv-otterbach.de\/pwv-otterbach\/wp-content\/uploads\/2025\/07\/Satzung-Stand-11.03.01.pdf\" target=\"_blank\" rel=\"noopener\">Satzung<\/a><\/h2>\n<p class=\"auto-style1\">Die Mitgliedsbeitr\u00e4ge betragen (Stand: 01.01.2026):<\/p>\n<table id=\"AutoNumber1\" border=\"1\" width=\"629\" cellspacing=\"3\" cellpadding=\"0\">\n<tbody>\n<tr>\n<td class=\"auto-style1\" width=\"363\">Familienmitgliedschaft\u00a0\u00a0<\/td>\n<td class=\"auto-style1\" align=\"right\" width=\"112\">26,00 \u20ac \/ Jahr<\/td>\n<\/tr>\n<tr>\n<td class=\"auto-style1\" width=\"363\">Einzelmitgliedschaft (Erwachsene)<\/td>\n<td class=\"auto-style1\" align=\"right\" width=\"112\">21,00 \u20ac \/ Jahr<\/td>\n<\/tr>\n<tr>\n<td class=\"auto-style1\" width=\"363\">Einzelmitgliedschaft (Jugendliche)<\/td>\n<td class=\"auto-style1\" align=\"right\" width=\"112\">2,50 \u20ac \/ Jahr<\/td>\n<\/tr>\n<tr>\n<td class=\"auto-style1\" width=\"363\">Teilmitgliedschaft (nur Ortsgruppenzuschlag)<\/td>\n<td class=\"auto-style1\" align=\"right\" width=\"112\">\u00a0 5,00 \u20ac \/ Jahr<\/td>\n<\/tr>\n<\/tbody>\n<\/table>\n<p><b><span style=\"color: #ff0000; font-family: Arial;\">Hinweis:<\/span><\/b><\/p>\n<p><b><span style=\"font-family: Arial;\">Bei der Familienmitgliedschaft sind die Beitr\u00e4ge f\u00fcr Ehepartner\/Lebenspartner und Kinder schon ber\u00fccksichtigt!<\/span><\/b><\/p>\n<p><span style=\"font-family: Arial;\"><b>Die Beitr\u00e4ge werden j\u00e4hrlich im Voraus erhoben!<\/b><\/span><\/p>\n<p align=\"left\"><b><span style=\"color: #0000ff; font-family: Arial;\">Aufnahmeantrag: <\/span><\/b><\/p>\n<p align=\"left\"><b><span style=\"font-family: Arial;\">Bitte drucken Sie nachfolgendes Formular aus und senden es uns ausgef\u00fcllt zu. Wir setzen uns dann mit Ihnen in Verbindung.<\/span><\/b><\/p>\n<h2 align=\"left\"><a href=\"https:\/\/pwv-otterbach.de\/pwv-otterbach\/wp-content\/uploads\/2025\/07\/Aufnahmeantrag.pdf\" target=\"_blank\" rel=\"noopener\">Aufnahmeantrag<\/a>\u00a0\u00a0\u00a0\u00a0\u00a0\u00a0\u00a0\u00a0\u00a0\u00a0\u00a0\u00a0\u00a0\u00a0\u00a0\u00a0\u00a0\u00a0\u00a0\u00a0\u00a0\u00a0\u00a0 <span style=\"font-family: Arial;\">\u00a0\u00a0\u00a0\u00a0\u00a0\u00a0\u00a0\u00a0\u00a0\u00a0\u00a0\u00a0\u00a0\u00a0\u00a0\u00a0\u00a0\u00a0\u00a0\u00a0\u00a0\u00a0\u00a0\u00a0\u00a0\u00a0\u00a0\u00a0\u00a0\u00a0\u00a0\u00a0\u00a0\u00a0\u00a0\u00a0\u00a0\u00a0\u00a0\u00a0\u00a0 <\/span><span style=\"font-family: Arial;\">\u00a0\u00a0\u00a0\u00a0\u00a0\u00a0\u00a0\u00a0\u00a0\u00a0\u00a0\u00a0\u00a0\u00a0\u00a0\u00a0\u00a0\u00a0\u00a0\u00a0\u00a0\u00a0\u00a0\u00a0\u00a0\u00a0\u00a0\u00a0\u00a0\u00a0\u00a0\u00a0\u00a0\u00a0\u00a0\u00a0\u00a0\u00a0\u00a0\u00a0\u00a0<\/span><\/h2>\n<p>\u00a0<\/p>\n\n\n<p><\/p>\n","protected":false},"excerpt":{"rendered":"<p>Satzung Die Mitgliedsbeitr\u00e4ge betragen (Stand: 01.01.2026): Familienmitgliedschaft\u00a0\u00a0 26,00 \u20ac \/ Jahr Einzelmitgliedschaft (Erwachsene) 21,00 \u20ac \/ Jahr Einzelmitgliedschaft (Jugendliche) 2,50 \u20ac \/ Jahr Teilmitgliedschaft (nur Ortsgruppenzuschlag) \u00a0 5,00 \u20ac \/ Jahr Hinweis: Bei der Familienmitgliedschaft sind die Beitr\u00e4ge f\u00fcr Ehepartner\/Lebenspartner und Kinder schon ber\u00fccksichtigt! Die Beitr\u00e4ge werden j\u00e4hrlich im Voraus erhoben! Aufnahmeantrag: Bitte drucken Sie [&hellip;]<\/p>\n","protected":false},"author":1,"featured_media":0,"parent":0,"menu_order":0,"comment_status":"closed","ping_status":"closed","template":"","meta":{"footnotes":""},"class_list":["post-209","page","type-page","status-publish","hentry"],"_links":{"self":[{"href":"https:\/\/pwv-otterbach.de\/pwv-otterbach\/wp-json\/wp\/v2\/pages\/209","targetHints":{"allow":["GET"]}}],"collection":[{"href":"https:\/\/pwv-otterbach.de\/pwv-otterbach\/wp-json\/wp\/v2\/pages"}],"about":[{"href":"https:\/\/pwv-otterbach.de\/pwv-otterbach\/wp-json\/wp\/v2\/types\/page"}],"author":[{"embeddable":true,"href":"https:\/\/pwv-otterbach.de\/pwv-otterbach\/wp-json\/wp\/v2\/users\/1"}],"replies":[{"embeddable":true,"href":"https:\/\/pwv-otterbach.de\/pwv-otterbach\/wp-json\/wp\/v2\/comments?post=209"}],"version-history":[{"count":2,"href":"https:\/\/pwv-otterbach.de\/pwv-otterbach\/wp-json\/wp\/v2\/pages\/209\/revisions"}],"predecessor-version":[{"id":316,"href":"https:\/\/pwv-otterbach.de\/pwv-otterbach\/wp-json\/wp\/v2\/pages\/209\/revisions\/316"}],"wp:attachment":[{"href":"https:\/\/pwv-otterbach.de\/pwv-otterbach\/wp-json\/wp\/v2\/media?parent=209"}],"curies":[{"name":"wp","href":"https:\/\/api.w.org\/{rel}","templated":true}]}}