{"id":246,"date":"2025-07-26T02:19:11","date_gmt":"2025-07-26T00:19:11","guid":{"rendered":"https:\/\/pwv-otterbach.de\/pwv-otterbach\/?page_id=246"},"modified":"2025-07-26T13:34:59","modified_gmt":"2025-07-26T11:34:59","slug":"datenschutzerklaerung-2","status":"publish","type":"page","link":"https:\/\/pwv-otterbach.de\/pwv-otterbach\/datenschutzerklaerung-2\/","title":{"rendered":"Datenschutzerkl\u00e4rung"},"content":{"rendered":"<p><b><span style=\"color: #008000; font-size: large;\">Datenschutzerkl\u00e4rung<\/span><\/b><\/p>\n<p><span class=\"auto-style14\"><strong>Verantwortliche Stelle im Sinne der Datenschutzgesetze ist:<br \/>\nPf\u00e4lzerwald-Verein &#8211; Ortsgruppe Otterbach e.V.<\/strong><\/span><strong><br class=\"auto-style14\" \/><\/strong><span class=\"auto-style14\"><strong>Wolfgang Sabath<\/strong><\/span><strong><br class=\"auto-style14\" \/><\/strong><span class=\"auto-style14\"><strong>Im Kirchtal 30<\/strong><\/span><strong><br class=\"auto-style14\" \/><\/strong><span class=\"auto-style14\"><strong>67659 Kaiserslautern<\/strong><\/span><strong><br class=\"auto-style14\" \/><\/strong><\/p>\n<ol>\n<li><span class=\"auto-style14\">Erfassung allgemeiner Informationen<\/span><br class=\"auto-style14\" \/><br class=\"auto-style14\" \/><span class=\"auto-style14\">Wenn Sie auf unsere Webseite zugreifen, werden automatisch Informationen allgemeiner Natur erfasst. Diese Informationen (Server-Logfiles) beinhalten etwa die Art des Webbrowsers, das verwendete Betriebssystem, den Domainnamen Ihres Internet Service Providers und \u00c4hnliches. Hierbei handelt es sich ausschlie\u00dflich um Informationen, welche keine R\u00fcckschl\u00fcsse auf Ihre Person zulassen. Diese Informationen sind technisch notwendig, um von Ihnen angeforderte Inhalte von Webseiten korrekt auszuliefern und fallen bei Nutzung des Internets zwingend an. Anonyme Informationen dieser Art werden von uns statistisch ausgewertet, um unseren Internetauftritt und die dahinterstehende Technik zu optimieren.<br \/>\n<\/span><\/li>\n<li><span class=\"auto-style14\">Cookies<\/span><br class=\"auto-style14\" \/><br class=\"auto-style14\" \/><span class=\"auto-style14\">Wie viele andere Webseiten verwenden wir auch so genannte \u201eCookies\u201c. Cookies sind kleine Textdateien, die von einem Webseitenserver auf Ihre Festplatte \u00fcbertragen werden. Hierdurch erhalten wir automatisch bestimmte Daten wie z. B. IP-Adresse, verwendeter Browser, Betriebssystem \u00fcber Ihren Computer und Ihre Verbindung zum Internet.<\/span><br class=\"auto-style14\" \/><br class=\"auto-style14\" \/><span class=\"auto-style14\">Cookies k\u00f6nnen nicht verwendet werden, um Programme zu starten oder Viren auf einen Computer zu \u00fcbertragen. Anhand der in Cookies enthaltenen Informationen k\u00f6nnen wir Ihnen die Navigation erleichtern und die korrekte Anzeige unserer Webseiten erm\u00f6glichen.<\/span><br class=\"auto-style14\" \/><br class=\"auto-style14\" \/><span class=\"auto-style14\">In keinem Fall werden die von uns erfassten Daten an Dritte weitergegeben oder ohne Ihre Einwilligung eine Verkn\u00fcpfung mit personenbezogenen Daten hergestellt.<\/span><br class=\"auto-style14\" \/><br class=\"auto-style14\" \/><span class=\"auto-style14\">Nat\u00fcrlich k\u00f6nnen Sie unsere Website grunds\u00e4tzlich auch ohne Cookies betrachten. Internet-Browser sind regelm\u00e4\u00dfig so eingestellt, dass sie Cookies akzeptieren. Sie k\u00f6nnen die Verwendung von Cookies jederzeit \u00fcber die Einstellungen Ihres Browsers deaktivieren. Bitte verwenden Sie die Hilfefunktionen Ihres Internetbrowsers, um zu erfahren, wie Sie diese Einstellungen \u00e4ndern k\u00f6nnen. Bitte beachten Sie, dass einzelne Funktionen unserer Website m\u00f6glicherweise nicht funktionieren, wenn Sie die Verwendung von Cookies deaktiviert haben.<br \/>\n<\/span><\/li>\n<li><span class=\"auto-style14\">Kommentarfunktion<\/span><br class=\"auto-style14\" \/><br class=\"auto-style14\" \/><span class=\"auto-style14\">Wenn Nutzer Kommentare im Blog hinterlassen, werden neben diesen Angaben auch der Zeitpunkt ihrer Erstellung und der zuvor durch den Websitebesucher gew\u00e4hlte Nutzername gespeichert. Dies dient unserer Sicherheit, da wir f\u00fcr widerrechtliche Inhalte auf unserer Webseite belangt werden k\u00f6nnen, auch wenn diese durch Benutzer erstellt wurden.<br \/>\n<\/span><\/li>\n<li><span class=\"auto-style14\">\u00a0L\u00f6schung bzw. Sperrung der Daten<\/span><br class=\"auto-style14\" \/><br class=\"auto-style14\" \/><span class=\"auto-style14\">Wir halten uns an die Grunds\u00e4tze der Datenvermeidung und Datensparsamkeit. Wir speichern Ihre personenbezogenen Daten daher nur so lange, wie dies zur Erreichung der hier genannten Zwecke erforderlich ist oder wie es die vom Gesetzgeber vorgesehenen vielf\u00e4ltigen Speicherfristen vorsehen. Nach Fortfall des jeweiligen Zweckes bzw. Ablauf dieser Fristen werden die entsprechenden Daten routinem\u00e4\u00dfig und entsprechend den gesetzlichen Vorschriften gesperrt oder gel\u00f6scht.<br \/>\n<\/span><\/li>\n<li>\u00a0<span class=\"auto-style14\"><span class=\"auto-style14\">Verwendung von Google Analytics<\/span><\/span>Diese Webseite benutzt Google Analytics, einen Webanalysedienst der Google Inc. (folgend: Google). Google Analytics verwendet sog. \u201eCookies\u201c, also Textdateien, die auf Ihrem Computer gespeichert werden und die eine Analyse der Benutzung der Webseite durch Sie erm\u00f6glichen. Die durch das Cookie erzeugten Informationen \u00fcber Ihre Benutzung dieser Webseite werden in der Regel an einen Server von Google in den USA \u00fcbertragen und dort gespeichert. Aufgrund der Aktivierung der IP-Anonymisierung auf diesen Webseiten, wird Ihre IP-Adresse von Google jedoch innerhalb von Mitgliedstaaten der Europ\u00e4ischen Union oder in anderen Vertragsstaaten des Abkommens \u00fcber den Europ\u00e4ischen Wirtschaftsraum zuvor gek\u00fcrzt. Nur in Ausnahmef\u00e4llen wird die volle IP-Adresse an einen Server von Google in den USA \u00fcbertragen und dort gek\u00fcrzt. Im Auftrag des Betreibers dieser Webseite wird Google diese Informationen benutzen, um Ihre Nutzung der Webseite auszuwerten, um Reports \u00fcber die Webseitenaktivit\u00e4ten zusammenzustellen und um weitere mit der Webseitennutzung und der Internetnutzung verbundene Dienstleistungen gegen\u00fcber dem Webseitenbetreiber zu erbringen. Die im Rahmen von Google Analytics von Ihrem Browser \u00fcbermittelte IP-Adresse wird nicht mit anderen Daten von Google zusammengef\u00fchrt.Sie k\u00f6nnen die Speicherung der Cookies durch eine entsprechende Einstellung Ihrer Browser-Software verhindern; wir weisen Sie jedoch darauf hin, dass Sie in diesem Fall gegebenenfalls nicht s\u00e4mtliche Funktionen dieser Webseite vollumf\u00e4nglich werden nutzen k\u00f6nnen. Sie k\u00f6nnen dar\u00fcber hinaus die Erfassung der durch das Cookie erzeugten und auf Ihre Nutzung der Webseite bezogenen Daten (inkl. Ihrer IP-Adresse) an Google sowie die Verarbeitung dieser Daten durch Google verhindern, indem sie das unter dem folgenden Link verf\u00fcgbare Browser-Plugin herunterladen und installieren:\n<p><a href=\"http:\/\/tools.google.com\/dlpage\/gaoptout?hl=de\" target=\"_blank\" rel=\"noopener\"><span class=\"auto-style14\">Browser-Add-on zur Deaktivierung von Google Analytics<\/span><\/a><span class=\"auto-style14\">.<br \/>\n<\/span><\/li>\n<li><span class=\"auto-style14\"><span class=\"auto-style14\">Ihre Rechte auf Auskunft, Berichtigung, Sperre, L\u00f6schung und Widerspruch<\/span><\/span>\n<p><span class=\"auto-style14\">Sie haben das Recht, jederzeit Auskunft \u00fcber Ihre bei uns gespeicherten personenbezogenen Daten zu erhalten. Ebenso haben Sie das Recht auf Berichtigung, Sperrung oder, abgesehen von der vorgeschriebenen Datenspeicherung zur Gesch\u00e4ftsabwicklung, L\u00f6schung Ihrer personenbezogenen Daten. Bitte wenden Sie sich dazu an unseren Datenschutzbeauftragten. Die Kontaktdaten finden Sie ganz unten.<\/span><br class=\"auto-style14\" \/><br class=\"auto-style14\" \/><span class=\"auto-style14\">Damit eine Sperre von Daten jederzeit ber\u00fccksichtigt werden kann, m\u00fcssen diese Daten zu Kontrollzwecken in einer Sperrdatei vorgehalten werden. Sie k\u00f6nnen auch die L\u00f6schung der Daten verlangen, soweit keine gesetzliche Archivierungsverpflichtung besteht. Soweit eine solche Verpflichtung besteht, sperren wir Ihre Daten auf Wunsch.<\/span><br class=\"auto-style14\" \/><br class=\"auto-style14\" \/><span class=\"auto-style14\">Sie k\u00f6nnen \u00c4nderungen oder den Widerruf einer Einwilligung durch entsprechende Mitteilung an uns mit Wirkung f\u00fcr die Zukunft vornehmen.<\/span><span class=\"auto-style11\"><br \/>\n<\/span><\/li>\n<li><span class=\"auto-style11\"><span class=\"auto-style11\">\u00c4nderung unserer Datenschutzbestimmungen<\/span><\/span>\n<p><span class=\"auto-style14\">Wir behalten uns vor, diese Datenschutzerkl\u00e4rung gelegentlich anzupassen, damit sie stets den aktuellen rechtlichen Anforderungen entspricht oder um \u00c4nderungen unserer Leistungen in der Datenschutzerkl\u00e4rung umzusetzen, z. B. bei der Einf\u00fchrung neuer Services. F\u00fcr Ihren erneuten Besuch gilt dann die neue Datenschutzerkl\u00e4rung.<br \/>\n<\/span><\/li>\n<li><span class=\"auto-style14\">\u00a0Wenn Sie Fragen zum Datenschutz haben, schreiben Sie uns bitte eine E-Mail:<\/span><br class=\"auto-style14\" \/><br class=\"auto-style14\" \/><span class=\"auto-style14\">Wolfgang Sabath<\/span><br class=\"auto-style14\" \/><span class=\"auto-style14\">Im Kirchtal 30<\/span><br class=\"auto-style14\" \/><span class=\"auto-style14\">67659 Kaiserslautern<\/span><br class=\"auto-style14\" \/><span class=\"auto-style14\">E-Mail: wolfgang &#8218;at&#8216; pwv-otterbach &#8218;Punkt&#8216; de<\/span><\/li>\n<\/ol>\n<p><em class=\"auto-style14\">Die Datenschutzerkl\u00e4rung wurde mit dem <\/em><a href=\"https:\/\/www.activemind.de\/datenschutz\/datenschutzhinweis-generator\/\"><em class=\"auto-style14\">Datenschutzerkl\u00e4rungs-Generator der activeMind AG erstellt<\/em><\/a><em class=\"auto-style14\">.<\/em><\/p>\n","protected":false},"excerpt":{"rendered":"<p>Datenschutzerkl\u00e4rung Verantwortliche Stelle im Sinne der Datenschutzgesetze ist: Pf\u00e4lzerwald-Verein &#8211; Ortsgruppe Otterbach e.V.Wolfgang SabathIm Kirchtal 3067659 Kaiserslautern Erfassung allgemeiner InformationenWenn Sie auf unsere Webseite zugreifen, werden automatisch Informationen allgemeiner Natur erfasst. Diese Informationen (Server-Logfiles) beinhalten etwa die Art des Webbrowsers, das verwendete Betriebssystem, den Domainnamen Ihres Internet Service Providers und \u00c4hnliches. Hierbei handelt es sich [&hellip;]<\/p>\n","protected":false},"author":1,"featured_media":0,"parent":0,"menu_order":0,"comment_status":"closed","ping_status":"closed","template":"","meta":{"footnotes":""},"class_list":["post-246","page","type-page","status-publish","hentry"],"_links":{"self":[{"href":"https:\/\/pwv-otterbach.de\/pwv-otterbach\/wp-json\/wp\/v2\/pages\/246","targetHints":{"allow":["GET"]}}],"collection":[{"href":"https:\/\/pwv-otterbach.de\/pwv-otterbach\/wp-json\/wp\/v2\/pages"}],"about":[{"href":"https:\/\/pwv-otterbach.de\/pwv-otterbach\/wp-json\/wp\/v2\/types\/page"}],"author":[{"embeddable":true,"href":"https:\/\/pwv-otterbach.de\/pwv-otterbach\/wp-json\/wp\/v2\/users\/1"}],"replies":[{"embeddable":true,"href":"https:\/\/pwv-otterbach.de\/pwv-otterbach\/wp-json\/wp\/v2\/comments?post=246"}],"version-history":[{"count":3,"href":"https:\/\/pwv-otterbach.de\/pwv-otterbach\/wp-json\/wp\/v2\/pages\/246\/revisions"}],"predecessor-version":[{"id":274,"href":"https:\/\/pwv-otterbach.de\/pwv-otterbach\/wp-json\/wp\/v2\/pages\/246\/revisions\/274"}],"wp:attachment":[{"href":"https:\/\/pwv-otterbach.de\/pwv-otterbach\/wp-json\/wp\/v2\/media?parent=246"}],"curies":[{"name":"wp","href":"https:\/\/api.w.org\/{rel}","templated":true}]}}