{"id":30,"date":"2025-07-23T23:34:22","date_gmt":"2025-07-23T21:34:22","guid":{"rendered":"https:\/\/pwv-otterbach.de\/pwv-otterbach\/?page_id=30"},"modified":"2025-07-23T23:34:22","modified_gmt":"2025-07-23T21:34:22","slug":"unser-waldhaus-steinis-waldhaus","status":"publish","type":"page","link":"https:\/\/pwv-otterbach.de\/pwv-otterbach\/unser-waldhaus-steinis-waldhaus\/","title":{"rendered":"Unser Waldhaus (Steinis Waldhaus)"},"content":{"rendered":"\n<figure class=\"wp-block-image size-full is-resized\"><img fetchpriority=\"high\" decoding=\"async\" width=\"567\" height=\"425\" src=\"https:\/\/pwv-otterbach.de\/pwv-otterbach\/wp-content\/uploads\/2025\/07\/IMG_2869.jpeg\" alt=\"\" class=\"wp-image-31\" style=\"width:563px;height:auto\" srcset=\"https:\/\/pwv-otterbach.de\/pwv-otterbach\/wp-content\/uploads\/2025\/07\/IMG_2869.jpeg 567w, https:\/\/pwv-otterbach.de\/pwv-otterbach\/wp-content\/uploads\/2025\/07\/IMG_2869-300x225.jpeg 300w\" sizes=\"(max-width: 567px) 100vw, 567px\" \/><\/figure>\n\n\n\n<h2 class=\"wp-block-heading\">Weitere Informationen und \u00d6ffnungszeiten<\/h2>\n\n\n\n<p>Die \u00d6ffnungszeiten f\u00fcr unser PWV-Waldhaus \u201eIm Himmelreich\u201c finden Sie auf der folgenden Seite:<\/p>\n\n\n\n<p><a href=\"https:\/\/www.steinis-waldhaus.de\/%C3%B6ffungszeiten\" target=\"_blank\" rel=\"noreferrer noopener\">Webseite Steinis Waldhaus<\/a><\/p>\n\n\n\n<p><\/p>\n","protected":false},"excerpt":{"rendered":"<p>Weitere Informationen und \u00d6ffnungszeiten Die \u00d6ffnungszeiten f\u00fcr unser PWV-Waldhaus \u201eIm Himmelreich\u201c finden Sie auf der folgenden Seite: Webseite Steinis Waldhaus<\/p>\n","protected":false},"author":1,"featured_media":0,"parent":0,"menu_order":0,"comment_status":"closed","ping_status":"closed","template":"","meta":{"footnotes":""},"class_list":["post-30","page","type-page","status-publish","hentry"],"_links":{"self":[{"href":"https:\/\/pwv-otterbach.de\/pwv-otterbach\/wp-json\/wp\/v2\/pages\/30","targetHints":{"allow":["GET"]}}],"collection":[{"href":"https:\/\/pwv-otterbach.de\/pwv-otterbach\/wp-json\/wp\/v2\/pages"}],"about":[{"href":"https:\/\/pwv-otterbach.de\/pwv-otterbach\/wp-json\/wp\/v2\/types\/page"}],"author":[{"embeddable":true,"href":"https:\/\/pwv-otterbach.de\/pwv-otterbach\/wp-json\/wp\/v2\/users\/1"}],"replies":[{"embeddable":true,"href":"https:\/\/pwv-otterbach.de\/pwv-otterbach\/wp-json\/wp\/v2\/comments?post=30"}],"version-history":[{"count":1,"href":"https:\/\/pwv-otterbach.de\/pwv-otterbach\/wp-json\/wp\/v2\/pages\/30\/revisions"}],"predecessor-version":[{"id":32,"href":"https:\/\/pwv-otterbach.de\/pwv-otterbach\/wp-json\/wp\/v2\/pages\/30\/revisions\/32"}],"wp:attachment":[{"href":"https:\/\/pwv-otterbach.de\/pwv-otterbach\/wp-json\/wp\/v2\/media?parent=30"}],"curies":[{"name":"wp","href":"https:\/\/api.w.org\/{rel}","templated":true}]}}